{"id":3443,"date":"2023-12-04T08:32:00","date_gmt":"2023-12-04T07:32:00","guid":{"rendered":"https:\/\/sandepark.nl\/erklaerung-zum-datenschutz"},"modified":"2024-01-06T21:19:03","modified_gmt":"2024-01-06T20:19:03","slug":"erklaerung-zum-datenschutz","status":"publish","type":"page","link":"https:\/\/sandepark.nl\/de\/erklaerung-zum-datenschutz","title":{"rendered":"Erkl\u00e4rung zum Datenschutz"},"content":{"rendered":"\n<p>Wann immer Sie unsere Website sandepark.de besuchen oder uns kontaktieren, erhalten wir Informationen \u00fcber Sie. In dieser Datenschutzerkl\u00e4rung erkl\u00e4ren wir, was wir mit diesen Informationen tun. Wir behandeln Ihre Daten stets mit Sorgfalt und bewahren sie sicher auf. Wenn Sie Fragen haben oder wissen m\u00f6chten, welche Informationen wir \u00fcber Sie haben, kontaktieren Sie uns bitte. Wir k\u00f6nnen diesen Datenschutzhinweis aktualisieren, wenn wir dies f\u00fcr notwendig erachten. Wir empfehlen Ihnen daher, diese Datenschutzerkl\u00e4rung regelm\u00e4\u00dfig zu lesen, um sich \u00fcber diese \u00c4nderungen zu informieren. Diese Datenschutzerkl\u00e4rung wurde zuletzt am 04. Dezember 2023 ge\u00e4ndert.<\/p>\n\n<p><\/p>\n\n<p><strong>Inhalts\u00fcbersicht<\/strong><\/p>\n\n<ol>\n<li>Wann wird dieser Datenschutzhinweis angewendet?<\/li>\n\n\n\n<li>Wer nutzt Ihre Daten?<\/li>\n\n\n\n<li>Von wem verwenden wir Daten?<\/li>\n\n\n\n<li>Wie kommen wir an Ihre Daten?<\/li>\n\n\n\n<li>Welche Daten von Ihnen verwenden wir?<\/li>\n\n\n\n<li>Wozu verwenden wir Ihre Daten?<\/li>\n\n\n\n<li>Wie lange bewahren wir Ihre Daten auf?<\/li>\n\n\n\n<li>Mit wem teilen wir Ihre Daten?<\/li>\n\n\n\n<li>Wo speichern wir Ihre Daten?<\/li>\n\n\n\n<li>Wie sicher sind Ihre Daten bei uns?<\/li>\n\n\n\n<li>Was k\u00f6nnen Sie von uns verlangen?<\/li>\n\n\n\n<li>Welche Regeln gelten f\u00fcr diesen Datenschutzhinweis?<\/li>\n\n\n\n<li>Welche Cookies verwenden wir?<\/li>\n\n\n\n<li>Was machen wir mit den Daten von Minderj\u00e4hrigen?<\/li>\n\n\n\n<li>Sie haben eine Frage zu. diesen Datenschutzhinweis?<\/li>\n<\/ol>\n\n<p><\/p>\n\n<ol>\n<li><strong>Wann <\/strong><strong> wird<\/strong> <strong>dieser Datenschutzhinweis <\/strong><strong>angewendet<\/strong><strong>?<\/strong><\/li>\n<\/ol>\n\n<p>Diese Datenschutzerkl\u00e4rung gilt f\u00fcr alle von uns verarbeiteten personenbezogenen Daten und f\u00fcr alle mit uns verbundenen Domains. Dabei handelt es sich um personenbezogene Daten von Personen, die mit uns in Kontakt stehen oder unsere Website besucht haben, wie z. B. Besucher, Kunden und Gesch\u00e4ftskontakte. Personenbezogene Daten sind alle Daten, die auf Sie als Person zur\u00fcckgef\u00fchrt werden k\u00f6nnen, wie z. B. Ihr Name, Ihre Telefonnummer, Ihre IP-Adresse, Ihre Kundennummer oder Ihre Surfgewohnheiten. Wenn Sie mehr \u00fcber personenbezogene Daten wissen m\u00f6chten, besuchen Sie die Website der Beh\u00f6rde f\u00fcr personenbezogene Daten.<\/p>\n\n<p><\/p>\n\n<p><\/p>\n\n<ol start=\"2\">\n<li><strong>Wer <\/strong><strong>verwendet <\/strong><strong>meine<\/strong><strong> Daten?<\/strong><\/li>\n<\/ol>\n\n<p>W.O. Ree ist verantwortlich f\u00fcr die Website sandepark.nl und als solche der Datenverantwortliche f\u00fcr die Verwendung Ihrer pers\u00f6nlichen Daten, wie in dieser Datenschutzerkl\u00e4rung beschrieben. Die vollst\u00e4ndigen Angaben sind:<\/p>\n\n<p>W.O. Ree Zuiddijk 4<\/p>\n\n<p>1461 EB Zuidoostbeemster<\/p>\n\n<p><\/p>\n\n<p><\/p>\n\n<ol start=\"3\">\n<li><strong>Von <\/strong><strong>wen <\/strong><strong>verwenden <\/strong><strong>verwenden wir<\/strong><strong> Daten?<\/strong><\/li>\n<\/ol>\n\n<p>Wir verarbeiten personenbezogene Daten von Personen, die mit uns Kontakt aufgenommen oder unsere Website besucht haben. Dazu geh\u00f6ren Besucher, Privatkunden, Gesch\u00e4ftskunden und Kontakte unserer Partner.<\/p>\n\n<p><\/p>\n\n<p><\/p>\n\n<ol start=\"4\">\n<li><strong>Wie <\/strong><strong>kommen <\/strong><strong>wir <\/strong><strong>auf <\/strong><strong>Ihren<\/strong><strong> Daten?<\/strong><\/li>\n<\/ol>\n\n<p>Wir erhalten die Daten direkt von Ihnen, sobald Sie:<\/p>\n\n<ul>\n<li>Besuchen Sie unsere Website<\/li>\n<\/ul>\n\n<ul>\n<li>Daten auf unserer Website eingeben<\/li>\n<\/ul>\n\n<ul>\n<li>uns per Mail oder Telefon kontaktiert oder auf andere Weise einem unserer Partner die Erlaubnis zur Nutzung erteilt<\/li>\n<\/ul>\n\n<p><\/p>\n\n<p><\/p>\n\n<ol start=\"5\">\n<li><strong>Welche <\/strong><strong>Daten <\/strong><strong>tun <\/strong><strong>wir verwenden <\/strong><strong>von<\/strong><strong> Ihnen?<\/strong><\/li>\n<\/ol>\n\n<p>  Wir verwenden die folgenden Daten:  <\/p>\n\n<ul>\n<li>Name<\/li>\n<\/ul>\n\n<ul>\n<li>Wohn- oder Gesch\u00e4ftsadresse  <\/li>\n<\/ul>\n\n<ul>\n<li>E-Mail Adresse<\/li>\n<\/ul>\n\n<ul>\n<li>Rufnummer<\/li>\n<\/ul>\n\n<ul>\n<li>Zahlungsdetails<\/li>\n<\/ul>\n\n<p><\/p>\n\n<ol start=\"6\">\n<li><strong>Was ist zu <\/strong><strong>tun <\/strong><strong>Wir <\/strong><strong>Ihre<\/strong><strong> Daten?<\/strong><\/li>\n<\/ol>\n\n<p>  Wir verwenden Ihre personenbezogenen Daten nur f\u00fcr den Zweck, f\u00fcr den wir sie verwenden d\u00fcrfen:  <\/p>\n\n<ul>\n<li>wir von Ihnen die Zustimmung zur Verwendung Ihrer personenbezogenen Daten erhalten haben<\/li>\n<\/ul>\n\n<ul>\n<li>wir verwenden Ihre Daten, weil wir Ihnen als Kunden den besten Service bieten wollen und das ohne sie nicht m\u00f6glich ist<\/li>\n<\/ul>\n\n<ul>\n<li>Wir verwenden Ihre Daten, um die gesetzlichen Vorschriften einzuhalten, z. B. zur Aufbewahrung von Daten f\u00fcr steuerliche Zwecke.<\/li>\n<\/ul>\n\n<p><\/p>\n\n<p><\/p>\n\n<ol start=\"7\">\n<li><strong>Wie lange <\/strong><strong>speichern <\/strong><strong>wir <\/strong><strong>Ihre<\/strong><strong> Daten?<\/strong><\/li>\n<\/ol>\n\n<p>Wir bewahren Ihre personenbezogenen Daten so lange auf, wie wir gesetzlich dazu verpflichtet sind und wie es f\u00fcr den Zweck, f\u00fcr den wir Ihre Daten verwenden, erforderlich ist. Solange Sie beispielsweise Kunde bei uns sind, werden wir Ihre Daten gem\u00e4\u00df der gesetzlichen Aufbewahrungsfrist von sieben Jahren aufbewahren. Danach speichern wir Ihre Daten nur noch zu statistischen Zwecken und zur Bearbeitung von Beschwerden oder Rechtsangelegenheiten. Wenn Sie mehr dar\u00fcber wissen m\u00f6chten, wie lange wir bestimmte Daten \u00fcber Sie aufbewahren, kontaktieren Sie uns bitte.<\/p>\n\n<p><\/p>\n\n<p><\/p>\n\n<ol start=\"8\">\n<li><strong>Von <\/strong><strong>wen <\/strong><strong>teilen <\/strong><strong>wir <\/strong><strong>Ihre <\/strong><strong>Daten?<\/strong><\/li>\n<\/ol>\n\n<p>Wir k\u00f6nnen Ihre personenbezogenen Daten an andere weitergeben. Wir tun dies nur, wenn:<\/p>\n\n<ul>\n<li>wir Ihre Zustimmung zur Verwendung Ihrer personenbezogenen Daten erhalten haben Sie Kunde bei uns sind<\/li>\n<\/ul>\n\n<ul>\n<li>wir m\u00fcssen dies tun, um das Gesetz einzuhalten<\/li>\n<\/ul>\n\n<p><\/p>\n\n<p><\/p>\n\n<p><strong>9. Wo <\/strong><strong>tun <\/strong><strong>wir <\/strong><strong>Ihre <\/strong><strong>Daten <\/strong><strong>gespeichert?<\/strong><\/p>\n\n<p>Wir verarbeiten Ihre Daten innerhalb des Europ\u00e4ischen Wirtschaftsraums (EWR). Das bedeutet, dass wir Ihre Daten auch innerhalb des EWR speichern. Wenn Sie Fragen dazu haben, k\u00f6nnen Sie sich gerne an uns wenden.<\/p>\n\n<p><\/p>\n\n<p><\/p>\n\n<ol start=\"10\">\n<li><strong>Wie <\/strong><strong>sicher <\/strong><strong>sind <\/strong><strong>Ihre <\/strong><strong>Daten <\/strong><strong>bei <\/strong><strong>uns?<\/strong><\/li>\n<\/ol>\n\n<p>Wir haben gro\u00dfe Sorgfalt darauf verwendet, Ihre Daten sowohl organisatorisch als auch technisch so weit wie m\u00f6glich zu sichern. Wir haben unsere Systeme und verschiedene Kommunikationsmittel gesichert, um sicherzustellen, dass Ihre Daten nicht in die H\u00e4nde anderer gelangen. Ihre Daten sind also bei uns sicher. Wir stellen auch sicher, dass Ihre Daten nur von Personen verwendet werden, die von uns die Erlaubnis dazu erhalten haben. Wenn Sie Fragen zur spezifischen Art der Sicherung haben, wenden Sie sich bitte an uns. Wenn wir Ihre Daten an andere weitergeben, sind auch diese verpflichtet, sie mit der gleichen Sorgfalt zu behandeln wie wir. Wenn Sie feststellen, dass dies nicht der Fall ist, lassen Sie es uns ebenfalls wissen.<\/p>\n\n<p><\/p>\n\n<p><\/p>\n\n<ol start=\"11\">\n<li><strong>Was <\/strong><strong>kann <\/strong><strong>Sie <\/strong><strong>von <\/strong><strong>uns<\/strong><strong> fragen?<\/strong><\/li>\n<\/ol>\n\n<p>Da wir personenbezogene Daten \u00fcber Sie verwenden, haben Sie mehrere Rechte. Wir f\u00fchren diese Rechte im Folgenden f\u00fcr Sie auf.<\/p>\n\n<p><strong>Rechts<\/strong><strong>auf<\/strong><strong> Informationen<\/strong><\/p>\n\n<p>Wir m\u00fcssen Ihnen auf verst\u00e4ndliche und klare Weise erkl\u00e4ren, was wir mit Ihren Daten machen und welche Kontrolle Sie \u00fcber sie haben. Deshalb erl\u00e4utern wir in dieser Datenschutzerkl\u00e4rung ausf\u00fchrlich, welche Daten wir von Ihnen erheben und wie wir mit Ihren Daten umgehen.<\/p>\n\n<p><strong>Rechts<\/strong><strong>auf<\/strong><strong> Einsichtnahme<\/strong><\/p>\n\n<p>Sie k\u00f6nnen jederzeit Einsicht in die von uns \u00fcber Sie gespeicherten Daten verlangen.<\/p>\n\n<p><strong>Rechts<\/strong><strong>auf<\/strong><strong> Korrektur<\/strong><\/p>\n\n<p>Sie k\u00f6nnen uns auffordern, Ihre Daten zu berichtigen, wenn sie falsch oder unvollst\u00e4ndig sind.<\/p>\n\n<p><strong>Recht auf Widerspruch <\/strong><strong><\/strong><\/p>\n\n<p>Sie k\u00f6nnen der Verarbeitung Ihrer Daten widersprechen, wenn Sie mit der Art und Weise, wie wir Ihre personenbezogenen Daten verarbeiten, nicht einverstanden sind. Dieses Recht gilt f\u00fcr die Daten, die wir f\u00fcr das Direktmarketing verwenden. Damit k\u00f6nnen Sie uns mitteilen, dass Sie keine Post mehr von uns erhalten m\u00f6chten. Dies gilt auch f\u00fcr personalisierte Empfehlungen auf unserer Website.<\/p>\n\n<p><strong>Recht<\/strong><strong>Recht auf<\/strong><strong> Daten\u00fcbertragbarkeit<\/strong><\/p>\n\n<p>Wenn Sie Kunde bei uns sind oder der Verwendung Ihrer Daten zugestimmt haben, k\u00f6nnen Sie uns auffordern, Ihnen die digitalen Daten, die wir \u00fcber Sie gespeichert haben, zuzusenden. So k\u00f6nnen Sie diese Daten auf Wunsch an eine andere Organisation \u00fcbertragen.<\/p>\n\n<p><strong>Rechts<\/strong><strong>auf<\/strong><strong> Einschr\u00e4nkung<\/strong><\/p>\n\n<p>Sie k\u00f6nnen uns auffordern, die Verwendung Ihrer Daten einzuschr\u00e4nken. Das bedeutet, dass wir in bestimmten F\u00e4llen Ihre Daten nur aufbewahren, aber nicht verwenden d\u00fcrfen.<\/p>\n\n<p><strong>Rechts<\/strong><strong>auf<\/strong><strong>Vergessen<\/strong><strong><strong> zu sein<\/strong><\/strong><\/p>\n\n<p>Sie k\u00f6nnen uns auffordern, alle Daten, die wir \u00fcber Sie gespeichert haben, zu l\u00f6schen. Wir werden dann alle auf Sie zur\u00fcckf\u00fchrbaren Daten l\u00f6schen. In manchen F\u00e4llen k\u00f6nnen oder d\u00fcrfen wir Ihre Daten noch nicht l\u00f6schen. So m\u00fcssen wir beispielsweise einige Daten f\u00fcr Steuerzwecke 7 Jahre lang aufbewahren.<\/p>\n\n<p><strong>Recht<\/strong><strong>Einreichung einer<\/strong><strong>Beschwerde in<\/strong><strong>an <\/strong><strong>eine Beschwerde einzureichen<\/strong><\/p>\n\n<p>Sie k\u00f6nnen sich \u00fcber die Art und Weise beschweren, wie wir mit Ihren Daten umgehen. Wenn Sie eine Beschwerde haben, werden wir sie gerne f\u00fcr Sie l\u00f6sen. Wenden Sie sich dazu an unseren Datenschutzbeauftragten. Sie k\u00f6nnen Ihre Beschwerde auch bei der Beh\u00f6rde f\u00fcr personenbezogene Daten einreichen. Wir hoffen nat\u00fcrlich, dass es nicht so weit kommt, aber im Extremfall k\u00f6nnen Sie auch vor Gericht gehen. In diesem Fall ist das Gericht am Wohnsitz von W. Ree f\u00fcr Ihre Beschwerde zust\u00e4ndig.<\/p>\n\n<p><strong>Wie <\/strong><strong>dienen <\/strong><strong>mich <\/strong><strong>a <\/strong><strong>Bewerbung <\/strong><strong>oder <\/strong><strong>Beschwerde <\/strong><strong>ein?<\/strong><\/p>\n\n<p>Senden Sie Ihre Anfrage oder Beschwerde an unseren Datenschutzbeauftragten unter <a href=\"mailto:wil@sandepark.nl\">wil@sandepark.nl.<\/a> Wir werden Ihre Anfrage oder Beschwerde innerhalb von 30 Tagen bearbeiten. Wenn es sich um mehrere Antr\u00e4ge oder Beschwerden handelt oder wenn Ihr Antrag oder Ihre Beschwerde komplex ist, kann die Bearbeitung mehr Zeit in Anspruch nehmen. In diesem Fall werden wir Sie sp\u00e4testens innerhalb von 60 Tagen kontaktieren. Wir k\u00f6nnen Sie auffordern, sich zu identifizieren. In diesem Fall fordern wir Daten von Ihnen an, um sicherzustellen, dass Sie die richtige Person sind, zu der die personenbezogenen Daten geh\u00f6ren.<\/p>\n\n<p><\/p>\n\n<p><\/p>\n\n<ol start=\"12\">\n<li><strong>Welche <\/strong><strong>Regeln <\/strong><strong>gelten <\/strong><strong>f\u00fcr <\/strong><strong>diese<\/strong><strong> Datenschutzbestimmungen?<\/strong><\/li>\n<\/ol>\n\n<p>Unser Datenschutzhinweis muss mehrere Bedingungen erf\u00fcllen. Diese Begriffe finden Sie insbesondere in der Allgemeinen Datenschutzverordnung. Dar\u00fcber hinaus gelten f\u00fcr unsere Datenschutzerkl\u00e4rung die allgemeinen Regeln des niederl\u00e4ndischen Rechts.<\/p>\n\n<p><\/p>\n\n<p><\/p>\n\n<ol start=\"13\">\n<li><strong>Welche <\/strong><strong>Cookies <\/strong><strong>verwenden<\/strong><strong> wir verwenden?<\/strong><\/li>\n<\/ol>\n\n<p>Sie k\u00f6nnen angeben, welche Ihrer Daten wir verwenden k\u00f6nnen. Wenn Sie uns die Erlaubnis erteilt haben, Ihr Profil auf der Grundlage Ihres Surf- und Suchverhaltens zu personalisieren, k\u00f6nnen wir unsere Website speziell auf Sie zuschneiden, um ihre Nutzung einfacher und pers\u00f6nlicher zu gestalten. Wir tun dies mit Hilfe von Cookies. Ein Cookie ist eine kleine Textdatei, die auf Ihrer Hardware gespeichert wird, wenn Sie unsere Website besuchen.<\/p>\n\n<p>Wir verwenden die folgenden Arten von Cookies auf unserer Website:<\/p>\n\n<ul>\n<li>funktionale Cookies, wie Sitzungs- und Anmeldecookies zur Verfolgung von Sitzungs- und Anmeldeinformationen<\/li>\n<\/ul>\n\n<ul>\n<li>anonymisierte analytische Cookies, um die Besuche auf unserer Website anhand von Informationen \u00fcber Besucherzahlen, beliebte Seiten und beliebte Themen zu verstehen<\/li>\n<\/ul>\n\n<ul>\n<li>Tracking-Cookies wie z. B. Werbe-Cookies, die dazu dienen, relevante Werbung zu zeigen Im Einzelnen verwenden wir die folgenden Cookies:<\/li>\n<\/ul>\n\n<ul>\n<li>Google Adwords (Tracking-Cookie)<\/li>\n<\/ul>\n\n<p><\/p>\n\n<p><\/p>\n\n<ol start=\"14\">\n<li><strong>Was tun<\/strong><strong>und <\/strong><strong>wir <\/strong><strong>mit <\/strong><strong>Daten <\/strong><strong>von<\/strong><strong> Minderj\u00e4hrigen?<\/strong><\/li>\n<\/ol>\n\n<p>Unsere Website ist nicht speziell auf Minderj\u00e4hrige ausgerichtet. Das bedeutet, dass Sie, wenn Sie unter 18 sind, die Erlaubnis eines Elternteils oder Erziehungsberechtigten ben\u00f6tigen, um unsere Website zu nutzen. Wenn Sie beim Besuch unserer Website oder unseres Webshops minderj\u00e4hrig sind, gehen wir davon aus, dass Sie diese Zustimmung vor Ihrem Besuch eingeholt haben.<\/p>\n\n<p><\/p>\n\n<p><\/p>\n\n<ol start=\"15\">\n<li><strong>Haben <\/strong><strong>Sie <\/strong><strong>a <\/strong><strong>Frage <\/strong><strong>\u00fcber <\/strong><strong>dieser <\/strong><strong>Erkl\u00e4rung zum Datenschutz?<\/strong><\/li>\n<\/ol>\n\n<p>Haben Sie eine Frage zu unseren Datenschutzbestimmungen? Wenn ja, k\u00f6nnen Sie uns gerne eine E-Mail an <a href=\"mailto:wil@sandepark.nl\">wil@sandepark.nl schicken.<\/a> Wir helfen Ihnen gerne weiter.<\/p>\n\n<p><\/p>\n\n<p><\/p>\n\n<p><\/p>\n","protected":false},"excerpt":{"rendered":"<p>Wann immer Sie unsere Website sandepark.de besuchen oder uns kontaktieren, erhalten wir Informationen \u00fcber Sie. In dieser Datenschutzerkl\u00e4rung erkl\u00e4ren wir, was wir mit diesen Informationen tun. Wir behandeln Ihre Daten stets mit Sorgfalt und bewahren sie sicher auf. Wenn Sie Fragen haben oder wissen m\u00f6chten, welche Informationen wir \u00fcber Sie haben, kontaktieren Sie uns bitte. [&hellip;]<\/p>\n","protected":false},"author":1,"featured_media":0,"parent":0,"menu_order":0,"comment_status":"closed","ping_status":"closed","template":"","meta":{"_et_pb_use_builder":"off","_et_pb_old_content":"","_et_gb_content_width":"","footnotes":""},"yoast_head":"<!-- This site is optimized with the Yoast SEO plugin v23.4 - https:\/\/yoast.com\/wordpress\/plugins\/seo\/ -->\n<title>Erkl\u00e4rung zum Datenschutz - Sandepark<\/title>\n<meta name=\"description\" content=\"In dieser Datenschutzerkl\u00e4rung erl\u00e4utern wir, wie wir mit Ihren Daten umgehen. Wir behandeln Ihre Daten stets mit Sorgfalt und bewahren sie sicher auf.\" \/>\n<meta name=\"robots\" content=\"index, follow, max-snippet:-1, max-image-preview:large, max-video-preview:-1\" \/>\n<link rel=\"canonical\" href=\"https:\/\/sandepark.nl\/de\/erklaerung-zum-datenschutz\" \/>\n<meta property=\"og:locale\" content=\"de_DE\" \/>\n<meta property=\"og:type\" content=\"article\" \/>\n<meta property=\"og:title\" content=\"Erkl\u00e4rung zum Datenschutz - Sandepark\" \/>\n<meta property=\"og:description\" content=\"In dieser Datenschutzerkl\u00e4rung erl\u00e4utern wir, wie wir mit Ihren Daten umgehen. Wir behandeln Ihre Daten stets mit Sorgfalt und bewahren sie sicher auf.\" \/>\n<meta property=\"og:url\" content=\"https:\/\/sandepark.nl\/de\/erklaerung-zum-datenschutz\" \/>\n<meta property=\"og:site_name\" content=\"Sandepark\" \/>\n<meta property=\"article:modified_time\" content=\"2024-01-06T20:19:03+00:00\" \/>\n<meta property=\"og:image\" content=\"https:\/\/sandepark.nl\/wp-content\/uploads\/2023\/10\/DJI_0003_Omgeving_2K_Q8.jpg\" \/>\n\t<meta property=\"og:image:width\" content=\"1835\" \/>\n\t<meta property=\"og:image:height\" content=\"1376\" \/>\n\t<meta property=\"og:image:type\" content=\"image\/jpeg\" \/>\n<meta name=\"twitter:card\" content=\"summary_large_image\" \/>\n<meta name=\"twitter:label1\" content=\"Gesch\u00e4tzte Lesezeit\" \/>\n\t<meta name=\"twitter:data1\" content=\"8\u00a0Minuten\" \/>\n<script type=\"application\/ld+json\" class=\"yoast-schema-graph\">{\"@context\":\"https:\/\/schema.org\",\"@graph\":[{\"@type\":\"WebPage\",\"@id\":\"https:\/\/sandepark.nl\/de\/erklaerung-zum-datenschutz\",\"url\":\"https:\/\/sandepark.nl\/de\/erklaerung-zum-datenschutz\",\"name\":\"Erkl\u00e4rung zum Datenschutz - Sandepark\",\"isPartOf\":{\"@id\":\"https:\/\/sandepark.nl\/de#website\"},\"datePublished\":\"2023-12-04T07:32:00+00:00\",\"dateModified\":\"2024-01-06T20:19:03+00:00\",\"description\":\"In dieser Datenschutzerkl\u00e4rung erl\u00e4utern wir, wie wir mit Ihren Daten umgehen. Wir behandeln Ihre Daten stets mit Sorgfalt und bewahren sie sicher auf.\",\"breadcrumb\":{\"@id\":\"https:\/\/sandepark.nl\/de\/erklaerung-zum-datenschutz#breadcrumb\"},\"inLanguage\":\"de\",\"potentialAction\":[{\"@type\":\"ReadAction\",\"target\":[\"https:\/\/sandepark.nl\/de\/erklaerung-zum-datenschutz\"]}]},{\"@type\":\"BreadcrumbList\",\"@id\":\"https:\/\/sandepark.nl\/de\/erklaerung-zum-datenschutz#breadcrumb\",\"itemListElement\":[{\"@type\":\"ListItem\",\"position\":1,\"name\":\"Home\",\"item\":\"https:\/\/sandepark.nl\/de\"},{\"@type\":\"ListItem\",\"position\":2,\"name\":\"Erkl\u00e4rung zum Datenschutz\"}]},{\"@type\":\"WebSite\",\"@id\":\"https:\/\/sandepark.nl\/de#website\",\"url\":\"https:\/\/sandepark.nl\/de\",\"name\":\"Sandepark\",\"description\":\"\",\"publisher\":{\"@id\":\"https:\/\/sandepark.nl\/de#organization\"},\"potentialAction\":[{\"@type\":\"SearchAction\",\"target\":{\"@type\":\"EntryPoint\",\"urlTemplate\":\"https:\/\/sandepark.nl\/de?s={search_term_string}\"},\"query-input\":{\"@type\":\"PropertyValueSpecification\",\"valueRequired\":true,\"valueName\":\"search_term_string\"}}],\"inLanguage\":\"de\"},{\"@type\":\"Organization\",\"@id\":\"https:\/\/sandepark.nl\/de#organization\",\"name\":\"Sandepark\",\"url\":\"https:\/\/sandepark.nl\/de\",\"logo\":{\"@type\":\"ImageObject\",\"inLanguage\":\"de\",\"@id\":\"https:\/\/sandepark.nl\/de#\/schema\/logo\/image\/\",\"url\":\"https:\/\/sandepark.nl\/wp-content\/uploads\/2023\/11\/Sandepark.png\",\"contentUrl\":\"https:\/\/sandepark.nl\/wp-content\/uploads\/2023\/11\/Sandepark.png\",\"width\":600,\"height\":144,\"caption\":\"Sandepark\"},\"image\":{\"@id\":\"https:\/\/sandepark.nl\/de#\/schema\/logo\/image\/\"}}]}<\/script>\n<!-- \/ Yoast SEO plugin. -->","yoast_head_json":{"title":"Erkl\u00e4rung zum Datenschutz - Sandepark","description":"In dieser Datenschutzerkl\u00e4rung erl\u00e4utern wir, wie wir mit Ihren Daten umgehen. Wir behandeln Ihre Daten stets mit Sorgfalt und bewahren sie sicher auf.","robots":{"index":"index","follow":"follow","max-snippet":"max-snippet:-1","max-image-preview":"max-image-preview:large","max-video-preview":"max-video-preview:-1"},"canonical":"https:\/\/sandepark.nl\/de\/erklaerung-zum-datenschutz","og_locale":"de_DE","og_type":"article","og_title":"Erkl\u00e4rung zum Datenschutz - Sandepark","og_description":"In dieser Datenschutzerkl\u00e4rung erl\u00e4utern wir, wie wir mit Ihren Daten umgehen. Wir behandeln Ihre Daten stets mit Sorgfalt und bewahren sie sicher auf.","og_url":"https:\/\/sandepark.nl\/de\/erklaerung-zum-datenschutz","og_site_name":"Sandepark","article_modified_time":"2024-01-06T20:19:03+00:00","og_image":[{"width":1835,"height":1376,"url":"https:\/\/sandepark.nl\/wp-content\/uploads\/2023\/10\/DJI_0003_Omgeving_2K_Q8.jpg","type":"image\/jpeg"}],"twitter_card":"summary_large_image","twitter_misc":{"Gesch\u00e4tzte Lesezeit":"8\u00a0Minuten"},"schema":{"@context":"https:\/\/schema.org","@graph":[{"@type":"WebPage","@id":"https:\/\/sandepark.nl\/de\/erklaerung-zum-datenschutz","url":"https:\/\/sandepark.nl\/de\/erklaerung-zum-datenschutz","name":"Erkl\u00e4rung zum Datenschutz - Sandepark","isPartOf":{"@id":"https:\/\/sandepark.nl\/de#website"},"datePublished":"2023-12-04T07:32:00+00:00","dateModified":"2024-01-06T20:19:03+00:00","description":"In dieser Datenschutzerkl\u00e4rung erl\u00e4utern wir, wie wir mit Ihren Daten umgehen. Wir behandeln Ihre Daten stets mit Sorgfalt und bewahren sie sicher auf.","breadcrumb":{"@id":"https:\/\/sandepark.nl\/de\/erklaerung-zum-datenschutz#breadcrumb"},"inLanguage":"de","potentialAction":[{"@type":"ReadAction","target":["https:\/\/sandepark.nl\/de\/erklaerung-zum-datenschutz"]}]},{"@type":"BreadcrumbList","@id":"https:\/\/sandepark.nl\/de\/erklaerung-zum-datenschutz#breadcrumb","itemListElement":[{"@type":"ListItem","position":1,"name":"Home","item":"https:\/\/sandepark.nl\/de"},{"@type":"ListItem","position":2,"name":"Erkl\u00e4rung zum Datenschutz"}]},{"@type":"WebSite","@id":"https:\/\/sandepark.nl\/de#website","url":"https:\/\/sandepark.nl\/de","name":"Sandepark","description":"","publisher":{"@id":"https:\/\/sandepark.nl\/de#organization"},"potentialAction":[{"@type":"SearchAction","target":{"@type":"EntryPoint","urlTemplate":"https:\/\/sandepark.nl\/de?s={search_term_string}"},"query-input":{"@type":"PropertyValueSpecification","valueRequired":true,"valueName":"search_term_string"}}],"inLanguage":"de"},{"@type":"Organization","@id":"https:\/\/sandepark.nl\/de#organization","name":"Sandepark","url":"https:\/\/sandepark.nl\/de","logo":{"@type":"ImageObject","inLanguage":"de","@id":"https:\/\/sandepark.nl\/de#\/schema\/logo\/image\/","url":"https:\/\/sandepark.nl\/wp-content\/uploads\/2023\/11\/Sandepark.png","contentUrl":"https:\/\/sandepark.nl\/wp-content\/uploads\/2023\/11\/Sandepark.png","width":600,"height":144,"caption":"Sandepark"},"image":{"@id":"https:\/\/sandepark.nl\/de#\/schema\/logo\/image\/"}}]}},"_links":{"self":[{"href":"https:\/\/sandepark.nl\/de\/wp-json\/wp\/v2\/pages\/3443"}],"collection":[{"href":"https:\/\/sandepark.nl\/de\/wp-json\/wp\/v2\/pages"}],"about":[{"href":"https:\/\/sandepark.nl\/de\/wp-json\/wp\/v2\/types\/page"}],"author":[{"embeddable":true,"href":"https:\/\/sandepark.nl\/de\/wp-json\/wp\/v2\/users\/1"}],"replies":[{"embeddable":true,"href":"https:\/\/sandepark.nl\/de\/wp-json\/wp\/v2\/comments?post=3443"}],"version-history":[{"count":1,"href":"https:\/\/sandepark.nl\/de\/wp-json\/wp\/v2\/pages\/3443\/revisions"}],"predecessor-version":[{"id":3444,"href":"https:\/\/sandepark.nl\/de\/wp-json\/wp\/v2\/pages\/3443\/revisions\/3444"}],"wp:attachment":[{"href":"https:\/\/sandepark.nl\/de\/wp-json\/wp\/v2\/media?parent=3443"}],"curies":[{"name":"wp","href":"https:\/\/api.w.org\/{rel}","templated":true}]}}